{"id":3930,"date":"2020-10-05T19:46:01","date_gmt":"2020-10-05T19:46:01","guid":{"rendered":"https:\/\/www.tourismehsf.ca\/?page_id=3930"},"modified":"2020-11-11T20:30:04","modified_gmt":"2020-11-11T20:30:04","slug":"faq","status":"publish","type":"page","link":"https:\/\/www.tourismehsf.ca\/en\/faq\/","title":{"rendered":"FAQ"},"content":{"rendered":"<div class=\"wpb-content-wrapper\"><p>[vc_row css_animation=&#8221;&#8221; row_type=&#8221;row&#8221; use_row_as_full_screen_section=&#8221;no&#8221; type=&#8221;full_width&#8221; angled_section=&#8221;no&#8221; text_align=&#8221;left&#8221; background_image_as_pattern=&#8221;without_pattern&#8221; z_index=&#8221;&#8221;][vc_column]<div class=\"qode-accordion-holder clearfix qode-accordion qode-initial \">\n\t<h5 class=\"clearfix qode-title-holder\">\n<span class=\"qode-tab-title\">\n\t    <span class=\"qode-tab-title-inner\">\n        I would like to know more about the Haut-Saint-Fran\u00e7ois and obtain some informational brochures. Where can I find this information?    <\/span>\n<\/span>\n<span class=\"qode-accordion-mark\">\n    <span class=\"qode-accordion-mark-icon\">\n        <span class=\"icon_plus\"><\/span>\n        <span class=\"icon_minus-06\"><\/span>\n    <\/span>\n<\/span>\n<\/h5>\n<div  class=\"qode-accordion-content \" style=\"padding: 12px 0px 0px 60px\">\n    <div class=\"qode-accordion-content-inner\">\n        [vc_row_inner row_type=&#8221;row&#8221; type=&#8221;full_width&#8221; text_align=&#8221;left&#8221; css_animation=&#8221;&#8221;][vc_column_inner offset=&#8221;vc_col-lg-12 vc_col-md-12&#8243;][qode_elements_holder number_of_columns=&#8221;one_column&#8221;][qode_elements_holder_item advanced_animations=&#8221;no&#8221; item_padding=&#8221;0px&#8221; item_padding_1280_1440=&#8221;0px&#8221; item_padding_1024_1280=&#8221;0px&#8221; item_padding_768_1024=&#8221;0px&#8221; item_padding_600_768=&#8221;0px&#8221; item_padding_480_600=&#8221;15px 0 30px&#8221; item_padding_480=&#8221;15px 0 30px&#8221;][vc_column_text css=&#8221;.vc_custom_1603116915033{margin-top: -8px !important;padding-right: 5% !important;}&#8221;]There are two tourist information bureaus in the Haut-Saint-Fran\u00e7ois:<\/p>\n<ul>\n<li>Town of East Angus, 200 Rue Saint-Jean Est, East Angus;<\/li>\n<li>Rest area in Cookshire-Eaton, 25 Rue Principale Est, Cookshire-Eaton.<\/li>\n<\/ul>\n<p>[\/vc_column_text][vc_empty_space][\/qode_elements_holder_item][\/qode_elements_holder][\/vc_column_inner][\/vc_row_inner]    <\/div>\n<\/div><\/div><div class=\"qode-accordion-holder clearfix qode-toggle qode-initial \">\n\t<h5 class=\"clearfix qode-title-holder\">\n<span class=\"qode-tab-title\">\n\t    <span class=\"qode-tab-title-inner\">\n        I would like to visit the Haut-Saint-Fran\u00e7ois for a few days only. Are there any accommodations, besides rental cottages?    <\/span>\n<\/span>\n<span class=\"qode-accordion-mark\">\n    <span class=\"qode-accordion-mark-icon\">\n        <span class=\"icon_plus\"><\/span>\n        <span class=\"icon_minus-06\"><\/span>\n    <\/span>\n<\/span>\n<\/h5>\n<div  class=\"qode-accordion-content \" style=\"padding: 12px 0px 0px 60px\">\n    <div class=\"qode-accordion-content-inner\">\n        [vc_row_inner row_type=&#8221;row&#8221; type=&#8221;full_width&#8221; text_align=&#8221;left&#8221; css_animation=&#8221;&#8221;][vc_column_inner offset=&#8221;vc_col-lg-12 vc_col-md-12&#8243;][qode_elements_holder number_of_columns=&#8221;one_column&#8221;][qode_elements_holder_item advanced_animations=&#8221;no&#8221; item_padding=&#8221;0px&#8221; item_padding_1280_1440=&#8221;0&#8243; item_padding_1024_1280=&#8221;0&#8243; item_padding_768_1024=&#8221;0&#8243; item_padding_600_768=&#8221;0&#8243; item_padding_480_600=&#8221;15px 0 30px&#8221; item_padding_480=&#8221;15px 0 30px&#8221;][vc_column_text css=&#8221;.vc_custom_1603116863958{margin-top: -8px !important;padding-right: 5% !important;}&#8221;]Yes, you can find accommodations in the Haut-Saint-Fran\u00e7ois for a short visit. You can stay at the Pavillon des m\u00e9sanges in Dudswell, which is an ideal spot for groups. There is also the H\u00f4tel Sawyerville in Cookshire-Eaton. At Victoria Square in East Angus, you can rent a room or a studio with a contemporary decor.[\/vc_column_text][vc_empty_space][\/qode_elements_holder_item][\/qode_elements_holder][\/vc_column_inner][\/vc_row_inner]    <\/div>\n<\/div><h5 class=\"clearfix qode-title-holder\">\n<span class=\"qode-tab-title\">\n\t    <span class=\"qode-tab-title-inner\">\n        Is there access to waterways in the region?    <\/span>\n<\/span>\n<span class=\"qode-accordion-mark\">\n    <span class=\"qode-accordion-mark-icon\">\n        <span class=\"icon_plus\"><\/span>\n        <span class=\"icon_minus-06\"><\/span>\n    <\/span>\n<\/span>\n<\/h5>\n<div  class=\"qode-accordion-content \" style=\"padding: 12px 0px 0px 60px\">\n    <div class=\"qode-accordion-content-inner\">\n        [vc_row_inner row_type=&#8221;row&#8221; type=&#8221;full_width&#8221; text_align=&#8221;left&#8221; css_animation=&#8221;&#8221;][vc_column_inner offset=&#8221;vc_col-lg-12 vc_col-md-12&#8243;][qode_elements_holder number_of_columns=&#8221;one_column&#8221;][qode_elements_holder_item advanced_animations=&#8221;no&#8221; item_padding=&#8221;0px&#8221; item_padding_1280_1440=&#8221;0&#8243; item_padding_1024_1280=&#8221;0&#8243; item_padding_768_1024=&#8221;0&#8243; item_padding_600_768=&#8221;0&#8243; item_padding_480_600=&#8221;15px 0 30px&#8221; item_padding_480=&#8221;15px 0 30px&#8221;][vc_column_text css=&#8221;.vc_custom_1603117137648{margin-top: -8px !important;padding-right: 5% !important;}&#8221;]There is a boat launch in St-G\u00e9rard (Weedon), for motorboats, which provides access to Lac Aylmer.<\/p>\n<p>If you have a kayak, you can go to the beach in Dudswell or to Walter MacKenzie Park in Scotstown.<\/p>\n<p>In all cases, you should clean your boat or kayak prior to accessing a new waterway.[\/vc_column_text][vc_empty_space][\/qode_elements_holder_item][\/qode_elements_holder][\/vc_column_inner][\/vc_row_inner]    <\/div>\n<\/div><h5 class=\"clearfix qode-title-holder\">\n<span class=\"qode-tab-title\">\n\t    <span class=\"qode-tab-title-inner\">\n        Are there any watercraft rentals?    <\/span>\n<\/span>\n<span class=\"qode-accordion-mark\">\n    <span class=\"qode-accordion-mark-icon\">\n        <span class=\"icon_plus\"><\/span>\n        <span class=\"icon_minus-06\"><\/span>\n    <\/span>\n<\/span>\n<\/h5>\n<div  class=\"qode-accordion-content \" style=\"padding: 12px 0px 0px 60px\">\n    <div class=\"qode-accordion-content-inner\">\n        [vc_row_inner row_type=&#8221;row&#8221; type=&#8221;full_width&#8221; text_align=&#8221;left&#8221; css_animation=&#8221;&#8221;][vc_column_inner offset=&#8221;vc_col-lg-12 vc_col-md-12&#8243;][qode_elements_holder number_of_columns=&#8221;one_column&#8221;][qode_elements_holder_item advanced_animations=&#8221;no&#8221; item_padding=&#8221;0px&#8221; item_padding_1280_1440=&#8221;0&#8243; item_padding_1024_1280=&#8221;0&#8243; item_padding_768_1024=&#8221;0&#8243; item_padding_600_768=&#8221;0&#8243; item_padding_480_600=&#8221;15px 0 30px&#8221; item_padding_480=&#8221;15px 0 30px&#8221;][vc_column_text css=&#8221;.vc_custom_1603117072580{margin-top: -8px !important;padding-right: 5% !important;}&#8221;]You can rent a canoe, a kayak or a pedalboat in at Walter MacKenzie Park in Scotstown. There are also kayak and paddleboard rentals available at the P.E. Perreault beach in Dudswell.[\/vc_column_text][vc_empty_space][\/qode_elements_holder_item][\/qode_elements_holder][\/vc_column_inner][\/vc_row_inner]    <\/div>\n<\/div><h5 class=\"clearfix qode-title-holder\">\n<span class=\"qode-tab-title\">\n\t    <span class=\"qode-tab-title-inner\">\n        I have an electric car. Are there any EV charging stations in the Haut-Saint-Fran\u00e7ois?    <\/span>\n<\/span>\n<span class=\"qode-accordion-mark\">\n    <span class=\"qode-accordion-mark-icon\">\n        <span class=\"icon_plus\"><\/span>\n        <span class=\"icon_minus-06\"><\/span>\n    <\/span>\n<\/span>\n<\/h5>\n<div  class=\"qode-accordion-content \" style=\"padding: 12px 0px 0px 60px\">\n    <div class=\"qode-accordion-content-inner\">\n        [vc_row_inner row_type=&#8221;row&#8221; type=&#8221;full_width&#8221; text_align=&#8221;left&#8221; css_animation=&#8221;&#8221;][vc_column_inner offset=&#8221;vc_col-lg-12 vc_col-md-12&#8243;][qode_elements_holder number_of_columns=&#8221;one_column&#8221;][qode_elements_holder_item advanced_animations=&#8221;no&#8221; item_padding=&#8221;0px&#8221; item_padding_1280_1440=&#8221;0&#8243; item_padding_1024_1280=&#8221;0&#8243; item_padding_768_1024=&#8221;0&#8243; item_padding_600_768=&#8221;0&#8243; item_padding_480_600=&#8221;15px 0 30px&#8221; item_padding_480=&#8221;15px 0 30px&#8221;][vc_column_text css=&#8221;.vc_custom_1603117049469{margin-top: -8px !important;padding-right: 5% !important;}&#8221;]Yes, you can charge your vehicle in East Angus, Saint-Isidore-de-Clifton and Weedon.[\/vc_column_text][vc_empty_space][\/qode_elements_holder_item][\/qode_elements_holder][\/vc_column_inner][\/vc_row_inner]    <\/div>\n<\/div><h5 class=\"clearfix qode-title-holder\">\n<span class=\"qode-tab-title\">\n\t    <span class=\"qode-tab-title-inner\">\n        Is Foresta Lumina located in Cookshire-Eaton?    <\/span>\n<\/span>\n<span class=\"qode-accordion-mark\">\n    <span class=\"qode-accordion-mark-icon\">\n        <span class=\"icon_plus\"><\/span>\n        <span class=\"icon_minus-06\"><\/span>\n    <\/span>\n<\/span>\n<\/h5>\n<div  class=\"qode-accordion-content \" style=\"padding: 12px 0px 0px 60px\">\n    <div class=\"qode-accordion-content-inner\">\n        [vc_row_inner row_type=&#8221;row&#8221; type=&#8221;full_width&#8221; text_align=&#8221;left&#8221; css_animation=&#8221;&#8221;][vc_column_inner offset=&#8221;vc_col-lg-12 vc_col-md-12&#8243;][qode_elements_holder number_of_columns=&#8221;one_column&#8221;][qode_elements_holder_item advanced_animations=&#8221;no&#8221; item_padding=&#8221;0px&#8221; item_padding_1280_1440=&#8221;0&#8243; item_padding_1024_1280=&#8221;0&#8243; item_padding_768_1024=&#8221;0&#8243; item_padding_600_768=&#8221;0&#8243; item_padding_480_600=&#8221;15px 0 30px&#8221; item_padding_480=&#8221;15px 0 30px&#8221;][vc_column_text css=&#8221;.vc_custom_1603117035021{margin-top: -8px !important;padding-right: 5% !important;}&#8221;]No, it\u2019s in Coaticook, which is located approximately 40 km from Cookshire-Eaton.[\/vc_column_text][vc_empty_space][\/qode_elements_holder_item][\/qode_elements_holder][\/vc_column_inner][\/vc_row_inner]    <\/div>\n<\/div><\/div>[vc_empty_space][\/vc_column][\/vc_row]<\/p>\n<\/div>","protected":false},"excerpt":{"rendered":"<p>[vc_row css_animation=&#8221;&#8221; row_type=&#8221;row&#8221; use_row_as_full_screen_section=&#8221;no&#8221; type=&#8221;full_width&#8221; angled_section=&#8221;no&#8221; text_align=&#8221;left&#8221; background_image_as_pattern=&#8221;without_pattern&#8221; z_index=&#8221;&#8221;][vc_column][vc_empty_space][\/vc_column][\/vc_row]<\/p>\n","protected":false},"author":1,"featured_media":0,"parent":0,"menu_order":0,"comment_status":"closed","ping_status":"closed","template":"","meta":{"_monsterinsights_skip_tracking":false,"_monsterinsights_sitenote_active":false,"_monsterinsights_sitenote_note":"","_monsterinsights_sitenote_category":0,"footnotes":""},"class_list":["post-3930","page","type-page","status-publish","hentry"],"yoast_head":"<!-- This site is optimized with the Yoast SEO plugin v26.9 - https:\/\/yoast.com\/product\/yoast-seo-wordpress\/ -->\n<title>FAQ - Comit\u00e9 tourisme Haut-saint-Fran\u00e7ois<\/title>\n<meta name=\"robots\" content=\"index, follow, max-snippet:-1, max-image-preview:large, max-video-preview:-1\" \/>\n<link rel=\"canonical\" href=\"https:\/\/www.tourismehsf.ca\/en\/faq\/\" \/>\n<meta property=\"og:locale\" content=\"en_US\" \/>\n<meta property=\"og:type\" content=\"article\" \/>\n<meta property=\"og:title\" content=\"FAQ - Comit\u00e9 tourisme Haut-saint-Fran\u00e7ois\" \/>\n<meta property=\"og:description\" content=\"[vc_row css_animation=&#8221;&#8221; row_type=&#8221;row&#8221; use_row_as_full_screen_section=&#8221;no&#8221; type=&#8221;full_width&#8221; angled_section=&#8221;no&#8221; text_align=&#8221;left&#8221; background_image_as_pattern=&#8221;without_pattern&#8221; z_index=&#8221;&#8221;][vc_column][vc_empty_space][\/vc_column][\/vc_row]\" \/>\n<meta property=\"og:url\" content=\"https:\/\/www.tourismehsf.ca\/en\/faq\/\" \/>\n<meta property=\"og:site_name\" content=\"Comit\u00e9 tourisme Haut-saint-Fran\u00e7ois\" \/>\n<meta property=\"article:modified_time\" content=\"2020-11-11T20:30:04+00:00\" \/>\n<meta name=\"twitter:card\" content=\"summary_large_image\" \/>\n<meta name=\"twitter:label1\" content=\"Est. reading time\" \/>\n\t<meta name=\"twitter:data1\" content=\"5 minutes\" \/>\n<script type=\"application\/ld+json\" class=\"yoast-schema-graph\">{\"@context\":\"https:\/\/schema.org\",\"@graph\":[{\"@type\":\"WebPage\",\"@id\":\"https:\/\/www.tourismehsf.ca\/en\/faq\/\",\"url\":\"https:\/\/www.tourismehsf.ca\/en\/faq\/\",\"name\":\"FAQ - Comit\u00e9 tourisme Haut-saint-Fran\u00e7ois\",\"isPartOf\":{\"@id\":\"https:\/\/www.tourismehsf.ca\/#website\"},\"datePublished\":\"2020-10-05T19:46:01+00:00\",\"dateModified\":\"2020-11-11T20:30:04+00:00\",\"breadcrumb\":{\"@id\":\"https:\/\/www.tourismehsf.ca\/en\/faq\/#breadcrumb\"},\"inLanguage\":\"en-US\",\"potentialAction\":[{\"@type\":\"ReadAction\",\"target\":[\"https:\/\/www.tourismehsf.ca\/en\/faq\/\"]}]},{\"@type\":\"BreadcrumbList\",\"@id\":\"https:\/\/www.tourismehsf.ca\/en\/faq\/#breadcrumb\",\"itemListElement\":[{\"@type\":\"ListItem\",\"position\":1,\"name\":\"Accueil\",\"item\":\"https:\/\/www.tourismehsf.ca\/en\/\"},{\"@type\":\"ListItem\",\"position\":2,\"name\":\"FAQ\"}]},{\"@type\":\"WebSite\",\"@id\":\"https:\/\/www.tourismehsf.ca\/#website\",\"url\":\"https:\/\/www.tourismehsf.ca\/\",\"name\":\"Comit\u00e9 tourisme Haut-saint-Fran\u00e7ois\",\"description\":\"Un site utilisant WordPress\",\"potentialAction\":[{\"@type\":\"SearchAction\",\"target\":{\"@type\":\"EntryPoint\",\"urlTemplate\":\"https:\/\/www.tourismehsf.ca\/?s={search_term_string}\"},\"query-input\":{\"@type\":\"PropertyValueSpecification\",\"valueRequired\":true,\"valueName\":\"search_term_string\"}}],\"inLanguage\":\"en-US\"}]}<\/script>\n<!-- \/ Yoast SEO plugin. -->","yoast_head_json":{"title":"FAQ - Comit\u00e9 tourisme Haut-saint-Fran\u00e7ois","robots":{"index":"index","follow":"follow","max-snippet":"max-snippet:-1","max-image-preview":"max-image-preview:large","max-video-preview":"max-video-preview:-1"},"canonical":"https:\/\/www.tourismehsf.ca\/en\/faq\/","og_locale":"en_US","og_type":"article","og_title":"FAQ - Comit\u00e9 tourisme Haut-saint-Fran\u00e7ois","og_description":"[vc_row css_animation=&#8221;&#8221; row_type=&#8221;row&#8221; use_row_as_full_screen_section=&#8221;no&#8221; type=&#8221;full_width&#8221; angled_section=&#8221;no&#8221; text_align=&#8221;left&#8221; background_image_as_pattern=&#8221;without_pattern&#8221; z_index=&#8221;&#8221;][vc_column][vc_empty_space][\/vc_column][\/vc_row]","og_url":"https:\/\/www.tourismehsf.ca\/en\/faq\/","og_site_name":"Comit\u00e9 tourisme Haut-saint-Fran\u00e7ois","article_modified_time":"2020-11-11T20:30:04+00:00","twitter_card":"summary_large_image","twitter_misc":{"Est. reading time":"5 minutes"},"schema":{"@context":"https:\/\/schema.org","@graph":[{"@type":"WebPage","@id":"https:\/\/www.tourismehsf.ca\/en\/faq\/","url":"https:\/\/www.tourismehsf.ca\/en\/faq\/","name":"FAQ - Comit\u00e9 tourisme Haut-saint-Fran\u00e7ois","isPartOf":{"@id":"https:\/\/www.tourismehsf.ca\/#website"},"datePublished":"2020-10-05T19:46:01+00:00","dateModified":"2020-11-11T20:30:04+00:00","breadcrumb":{"@id":"https:\/\/www.tourismehsf.ca\/en\/faq\/#breadcrumb"},"inLanguage":"en-US","potentialAction":[{"@type":"ReadAction","target":["https:\/\/www.tourismehsf.ca\/en\/faq\/"]}]},{"@type":"BreadcrumbList","@id":"https:\/\/www.tourismehsf.ca\/en\/faq\/#breadcrumb","itemListElement":[{"@type":"ListItem","position":1,"name":"Accueil","item":"https:\/\/www.tourismehsf.ca\/en\/"},{"@type":"ListItem","position":2,"name":"FAQ"}]},{"@type":"WebSite","@id":"https:\/\/www.tourismehsf.ca\/#website","url":"https:\/\/www.tourismehsf.ca\/","name":"Comit\u00e9 tourisme Haut-saint-Fran\u00e7ois","description":"Un site utilisant WordPress","potentialAction":[{"@type":"SearchAction","target":{"@type":"EntryPoint","urlTemplate":"https:\/\/www.tourismehsf.ca\/?s={search_term_string}"},"query-input":{"@type":"PropertyValueSpecification","valueRequired":true,"valueName":"search_term_string"}}],"inLanguage":"en-US"}]}},"_links":{"self":[{"href":"https:\/\/www.tourismehsf.ca\/en\/wp-json\/wp\/v2\/pages\/3930","targetHints":{"allow":["GET"]}}],"collection":[{"href":"https:\/\/www.tourismehsf.ca\/en\/wp-json\/wp\/v2\/pages"}],"about":[{"href":"https:\/\/www.tourismehsf.ca\/en\/wp-json\/wp\/v2\/types\/page"}],"author":[{"embeddable":true,"href":"https:\/\/www.tourismehsf.ca\/en\/wp-json\/wp\/v2\/users\/1"}],"replies":[{"embeddable":true,"href":"https:\/\/www.tourismehsf.ca\/en\/wp-json\/wp\/v2\/comments?post=3930"}],"version-history":[{"count":4,"href":"https:\/\/www.tourismehsf.ca\/en\/wp-json\/wp\/v2\/pages\/3930\/revisions"}],"predecessor-version":[{"id":4270,"href":"https:\/\/www.tourismehsf.ca\/en\/wp-json\/wp\/v2\/pages\/3930\/revisions\/4270"}],"wp:attachment":[{"href":"https:\/\/www.tourismehsf.ca\/en\/wp-json\/wp\/v2\/media?parent=3930"}],"curies":[{"name":"wp","href":"https:\/\/api.w.org\/{rel}","templated":true}]}}